{"id":37,"date":"2025-04-28T20:29:59","date_gmt":"2025-04-28T18:29:59","guid":{"rendered":"https:\/\/nowakowskajoanna.pl\/?page_id=37"},"modified":"2025-04-28T20:43:11","modified_gmt":"2025-04-28T18:43:11","slug":"o-mnie","status":"publish","type":"page","link":"https:\/\/nowakowskajoanna.pl\/","title":{"rendered":"O mnie"},"content":{"rendered":"\n<figure class=\"wp-block-image size-full is-resized\"><img loading=\"lazy\" decoding=\"async\" width=\"800\" height=\"800\" src=\"https:\/\/nowakowskajoanna.pl\/wp-content\/uploads\/2025\/04\/Nowakowska_800x1000-2-800x800-1.jpg\" alt=\"\" class=\"wp-image-44\" style=\"width:276px;height:auto\" srcset=\"https:\/\/nowakowskajoanna.pl\/wp-content\/uploads\/2025\/04\/Nowakowska_800x1000-2-800x800-1.jpg 800w, https:\/\/nowakowskajoanna.pl\/wp-content\/uploads\/2025\/04\/Nowakowska_800x1000-2-800x800-1-300x300.jpg 300w, https:\/\/nowakowskajoanna.pl\/wp-content\/uploads\/2025\/04\/Nowakowska_800x1000-2-800x800-1-150x150.jpg 150w, https:\/\/nowakowskajoanna.pl\/wp-content\/uploads\/2025\/04\/Nowakowska_800x1000-2-800x800-1-768x768.jpg 768w\" sizes=\"auto, (max-width: 800px) 100vw, 800px\" \/><\/figure>\n\n\n\n<p>Jestem dyplomowan\u0105 psychoterapeutk\u0105 psychodynamiczn\u0105 Krakowskiego Centrum Psychodynamicznego (nr 16), psycholo\u017ck\u0105 z wieloletni\u0105 praktyk\u0105 pedagogiczn\u0105, cz\u0142onkini\u0105 Polskiego Towarzystwa Psychologicznego. Posiadam do\u015bwiadczenie w pracy z doros\u0142ymi i m\u0142odzie\u017c\u0105 o r\u00f3\u017cnej diagnozie. Prowadz\u0119 prywatn\u0105 praktyk\u0119 psychoterapeutyczn\u0105, ale tak\u017ce warsztaty, szkolenia dla dzieci, nastolatk\u00f3w i rodzic\u00f3w.<\/p>\n","protected":false},"excerpt":{"rendered":"<p>Jestem dyplomowan\u0105 psychoterapeutk\u0105 psychodynamiczn\u0105 Krakowskiego Centrum Psychodynamicznego (nr 16), psycholo\u017ck\u0105 z wieloletni\u0105 praktyk\u0105 pedagogiczn\u0105, cz\u0142onkini\u0105 Polskiego Towarzystwa Psychologicznego. Posiadam do\u015bwiadczenie [&hellip;]<\/p>\n","protected":false},"author":1,"featured_media":0,"parent":0,"menu_order":0,"comment_status":"closed","ping_status":"closed","template":"","meta":{"site-sidebar-layout":"default","site-content-layout":"","ast-site-content-layout":"default","site-content-style":"default","site-sidebar-style":"default","ast-global-header-display":"","ast-banner-title-visibility":"","ast-main-header-display":"","ast-hfb-above-header-display":"","ast-hfb-below-header-display":"","ast-hfb-mobile-header-display":"","site-post-title":"","ast-breadcrumbs-content":"","ast-featured-img":"","footer-sml-layout":"","ast-disable-related-posts":"","theme-transparent-header-meta":"","adv-header-id-meta":"","stick-header-meta":"","header-above-stick-meta":"","header-main-stick-meta":"","header-below-stick-meta":"","astra-migrate-meta-layouts":"default","ast-page-background-enabled":"default","ast-page-background-meta":{"desktop":{"background-color":"var(--ast-global-color-5)","background-image":"","background-repeat":"repeat","background-position":"center center","background-size":"auto","background-attachment":"scroll","background-type":"","background-media":"","overlay-type":"","overlay-color":"","overlay-opacity":"","overlay-gradient":""},"tablet":{"background-color":"","background-image":"","background-repeat":"repeat","background-position":"center center","background-size":"auto","background-attachment":"scroll","background-type":"","background-media":"","overlay-type":"","overlay-color":"","overlay-opacity":"","overlay-gradient":""},"mobile":{"background-color":"","background-image":"","background-repeat":"repeat","background-position":"center center","background-size":"auto","background-attachment":"scroll","background-type":"","background-media":"","overlay-type":"","overlay-color":"","overlay-opacity":"","overlay-gradient":""}},"ast-content-background-meta":{"desktop":{"background-color":"var(--ast-global-color-4)","background-image":"","background-repeat":"repeat","background-position":"center center","background-size":"auto","background-attachment":"scroll","background-type":"","background-media":"","overlay-type":"","overlay-color":"","overlay-opacity":"","overlay-gradient":""},"tablet":{"background-color":"var(--ast-global-color-4)","background-image":"","background-repeat":"repeat","background-position":"center center","background-size":"auto","background-attachment":"scroll","background-type":"","background-media":"","overlay-type":"","overlay-color":"","overlay-opacity":"","overlay-gradient":""},"mobile":{"background-color":"var(--ast-global-color-4)","background-image":"","background-repeat":"repeat","background-position":"center center","background-size":"auto","background-attachment":"scroll","background-type":"","background-media":"","overlay-type":"","overlay-color":"","overlay-opacity":"","overlay-gradient":""}},"footnotes":""},"class_list":["post-37","page","type-page","status-publish","hentry"],"_links":{"self":[{"href":"https:\/\/nowakowskajoanna.pl\/index.php?rest_route=\/wp\/v2\/pages\/37","targetHints":{"allow":["GET"]}}],"collection":[{"href":"https:\/\/nowakowskajoanna.pl\/index.php?rest_route=\/wp\/v2\/pages"}],"about":[{"href":"https:\/\/nowakowskajoanna.pl\/index.php?rest_route=\/wp\/v2\/types\/page"}],"author":[{"embeddable":true,"href":"https:\/\/nowakowskajoanna.pl\/index.php?rest_route=\/wp\/v2\/users\/1"}],"replies":[{"embeddable":true,"href":"https:\/\/nowakowskajoanna.pl\/index.php?rest_route=%2Fwp%2Fv2%2Fcomments&post=37"}],"version-history":[{"count":6,"href":"https:\/\/nowakowskajoanna.pl\/index.php?rest_route=\/wp\/v2\/pages\/37\/revisions"}],"predecessor-version":[{"id":49,"href":"https:\/\/nowakowskajoanna.pl\/index.php?rest_route=\/wp\/v2\/pages\/37\/revisions\/49"}],"wp:attachment":[{"href":"https:\/\/nowakowskajoanna.pl\/index.php?rest_route=%2Fwp%2Fv2%2Fmedia&parent=37"}],"curies":[{"name":"wp","href":"https:\/\/api.w.org\/{rel}","templated":true}]}}